{"id":44,"date":"2021-03-16T13:23:02","date_gmt":"2021-03-16T13:23:02","guid":{"rendered":"https:\/\/locid.dev.silberweiss.de\/?page_id=44"},"modified":"2024-10-08T07:15:11","modified_gmt":"2024-10-08T07:15:11","slug":"impressum","status":"publish","type":"page","link":"https:\/\/sms-start.de\/en\/impressum\/","title":{"rendered":"Imprint"},"content":{"rendered":"<div id=\"pl-44\"  class=\"panel-layout\" ><div id=\"pg-44-0\"  class=\"panel-grid panel-has-style\" ><div class=\"panel-row-style panel-row-style-for-44-0\" ><div id=\"pgc-44-0-0\"  class=\"panel-grid-cell\" ><div id=\"panel-44-0-0-0\" class=\"so-panel widget widget_sow-editor panel-first-child panel-last-child\" data-index=\"0\" ><div\n\t\t\t\n\t\t\tclass=\"so-widget-sow-editor so-widget-sow-editor-base\"\n\t\t\t\n\t\t>\n<div class=\"siteorigin-widget-tinymce textwidget\">\n\t<h1><strong>Imprint<\/strong><\/h1>\n<h2>Angaben gem\u00e4\u00df \u00a7 5 DDG:<\/h2>\n<p>Smart Mobility Services GmbH<br \/>\nSchulze-Delitzsch-Weg 10<br \/>\n33175 Bad Lippspringe<br \/>\nDeutschland<\/p>\n<p><strong>CONTACT:<\/strong><\/p>\n<table>\n<tbody>\n<tr>\n<td>Phone:<\/td>\n<td>+49 5252 9154730<\/td>\n<\/tr>\n<tr>\n<td>E-Mail:<\/td>\n<td>\u00a0info@sms-start.de<\/td>\n<\/tr>\n<tr>\n<td>Web:<\/td>\n<td>www.sms-start.de<\/td>\n<\/tr>\n<\/tbody>\n<\/table>\n<p class=\" translation-block\">Register court: Local court Paderborn<br>\nRegister number: HRB 15453<\/p>\n<h2><span style=\"font-size: 16px;\">Concept &amp; Design:\u00a0<\/span><\/h2>\n<p><i><a title=\"SILBERWEISS\" href=\"https:\/\/silberweiss.de\/\" target=\"_blank\" rel=\"noopener\">SILBERWEISS<\/a> <a title=\"Werbeagentur Paderborn\" href=\"https:\/\/silberweiss.de\/werbeagentur-paderborn\/\" target=\"_blank\" rel=\"noopener\">Werbeagentur Paderborn<\/a><\/i><\/p>\n<p>Image credits: istockphoto.com, AdobeStock<\/p>\n<\/div>\n<\/div><\/div><\/div><div id=\"pgc-44-0-1\"  class=\"panel-grid-cell\" ><div id=\"panel-44-0-1-0\" class=\"so-panel widget widget_sow-editor panel-first-child panel-last-child\" data-index=\"1\" ><div\n\t\t\t\n\t\t\tclass=\"so-widget-sow-editor so-widget-sow-editor-base\"\n\t\t\t\n\t\t>\n<div class=\"siteorigin-widget-tinymce textwidget\">\n\t<h2>Content liability<\/h2>\n<p>Despite careful control of the content, we assume no liability for the content of external links. The operators of the linked pages are solely responsible for their content. The copyright for photos lies solely with the company Smart Mobility Services GmbH &amp; Co. KG. Duplication or use in other electronic or printed publications is not permitted.<\/p>\n<\/div>\n<\/div><\/div><\/div><\/div><\/div><\/div>","protected":false},"excerpt":{"rendered":"<p>Impressum Angaben gem\u00e4\u00df \u00a7 5 DDG: Smart Mobility Services GmbH Schulze-Delitzsch-Weg 10 33175 Bad Lippspringe Deutschland KONTAKT: Telefon: +49 5252 9154730 E-Mail: \u00a0info@sms-start.de Web: www.sms-start.de Registergericht: Amtsgericht Paderborn Registernummer: HRB 15453 Konzept &amp; Design:\u00a0 SILBERWEISS Werbeagentur Paderborn Bildnachweise: istockphoto.de, AdobeStock Haftung f\u00fcr Inhalte Trotz sorgf\u00e4ltiger inhaltlicher Kontrolle \u00fcbernehmen wir keine Haftung f\u00fcr die Inhalte externer [&hellip;]<\/p>","protected":false},"author":1,"featured_media":0,"parent":0,"menu_order":0,"comment_status":"closed","ping_status":"closed","template":"","meta":[],"_links":{"self":[{"href":"https:\/\/sms-start.de\/en\/wp-json\/wp\/v2\/pages\/44"}],"collection":[{"href":"https:\/\/sms-start.de\/en\/wp-json\/wp\/v2\/pages"}],"about":[{"href":"https:\/\/sms-start.de\/en\/wp-json\/wp\/v2\/types\/page"}],"author":[{"embeddable":true,"href":"https:\/\/sms-start.de\/en\/wp-json\/wp\/v2\/users\/1"}],"replies":[{"embeddable":true,"href":"https:\/\/sms-start.de\/en\/wp-json\/wp\/v2\/comments?post=44"}],"version-history":[{"count":7,"href":"https:\/\/sms-start.de\/en\/wp-json\/wp\/v2\/pages\/44\/revisions"}],"predecessor-version":[{"id":1068,"href":"https:\/\/sms-start.de\/en\/wp-json\/wp\/v2\/pages\/44\/revisions\/1068"}],"wp:attachment":[{"href":"https:\/\/sms-start.de\/en\/wp-json\/wp\/v2\/media?parent=44"}],"curies":[{"name":"wp","href":"https:\/\/api.w.org\/{rel}","templated":true}]}}